{"id":66,"date":"2015-10-12T19:47:47","date_gmt":"2015-10-12T19:47:47","guid":{"rendered":"http:\/\/tuulikuautoaed.ee\/ru\/?page_id=66"},"modified":"2020-04-24T12:48:17","modified_gmt":"2020-04-24T12:48:17","slug":"%d0%b3%d0%bb%d0%b0%d0%b2%d0%bd%d0%b0%d1%8f","status":"publish","type":"page","link":"https:\/\/tuulikuautoaed.ee\/ru\/","title":{"rendered":"\u0413\u043b\u0430\u0432\u043d\u0430\u044f"},"content":{"rendered":"   <div id=\"banner_1158124684\" class=\"ux_banner dark    \"  style=\"height:600px; \" data-height=\"600px\" role=\"banner\">\n                                  <div class=\"banner-bg \"  style=\"background-image:url('https:\/\/tuulikuautoaed.ee\/wp-content\/uploads\/2015\/10\/HIRES-PEUGEOT_308GT_1408JBL005-1920x892.jpg'); \"><img src=\"https:\/\/tuulikuautoaed.ee\/wp-content\/uploads\/2015\/10\/HIRES-PEUGEOT_308GT_1408JBL005-1920x892.jpg\"  alt=\"\" style=\"visibility:hidden;\" \/><\/div>\n                             <div class=\"row\" >\n          <div class=\"inner right bottom text-center \"  style=\"width:40%;\">\n            <div class=\"inner-wrap animated fadeInRight\" style=\" \">\n              <h3 class=\"\"><span id=\"result_box\" class=\"short_text\" lang=\"ru\"><span class=\"hps\">\u0412\u044b<\/span> <span class=\"hps\">\u0445\u043e\u0442\u0438\u0442\u0435 \u043a\u0443\u043f\u0438\u0442\u044c \u0438\u043b\u0438<\/span> <span class=\"hps\">\u043f\u0440\u043e\u0434\u0430\u0442\u044c \u0430\u0432\u0442\u043e\u043c\u043e\u0431\u0438\u043b\u044c<\/span><span class=\"\">?<\/span><\/span><\/h3>\n<div class=\"tx-div small\"><\/div>\n<h1 class=\"animated fadeInLeft uppercase\">\u0412\u044b \u0432 \u043f\u0440\u0430\u0432\u0438\u043b\u044c\u043d\u043e\u043c \u043c\u0435\u0441\u0442\u0435<\/h1>\n<div class=\"tx-div small\"><\/div>\n<p><a class=\"button secondary\" title=\"\" href=\"http:\/\/www.auto24.ee\/api\/tuuliku?language=RUS\">\u0410\u0432\u0442\u043e\u043c\u043e\u0431\u0438\u043b\u0438 \u043d\u0430 \u043f\u0440\u043e\u0434\u0430\u0436\u0443<\/a><\/p>\n            <\/div>\n          <\/div>  \n        <\/div>\n                     <style>\n       @media only screen and (max-width: 768px) { #banner_1158124684{ height:400px!important} }        @media only screen and (max-width: 480px) { #banner_1158124684{ height:200px!important} }               <\/style>\n              <\/div><!-- end .ux_banner -->\n\n\t<div  class=\"row container boxed \">\n<div class=\"small-12    large-12  columns   \"  ><div class=\"column-inner\"  >\n<p>Tuuliku Autoaed O\u00dc on Tallinnas Mustam\u00e4el asuv autom\u00fc\u00fcgiga tegelev ettev\u00f5te. Meie p\u00f5hitegevuseks on s\u00f5iduautode ost-m\u00fc\u00fck (j\u00e4relmaksu v\u00f5imalusega), vahetus ning komsjonim\u00fc\u00fck. Lisaks toome ka tellimise peale autosid \u00fcle Euroopa.<\/p>\n<p>Suurem osa meil m\u00fc\u00fcgis olevatest autodest on toodud kasutatuna Saksamaalt. Samas on meie klientideks ka paljud kohalikud eraisikud, kes soovivad m\u00fc\u00fca meie vahendusel oma s\u00f5idukeid.<\/p>\n<p>Eristume teistest autom\u00fc\u00fcjatest seet\u00f5ttu, et finantseerime ise l\u00e4bi \u201eTuuliku j\u00e4relmaksu\u201c autode ostu. J\u00e4relmaksu tingimused on s\u00f5bralikud ja paindlikud. T\u00e4psema info saate valides \u00fclevalt men\u00fc\u00fcst \u201eTuuliku J\u00e4relmaks\u201c.<\/p>\n<p>Kui te soovite autot osta, m\u00fc\u00fca v\u00f5i vahetada, siis v\u00f5tke meie kindlasti \u00fchendust. Tunneme suurimat r\u00f5\u00f5mu rahulolevast kliendist ja seet\u00f5ttu leiame oma kliendile ka alati parima lahenduse.<\/p>\n<\/div><\/div>\n<\/div>\n  \n","protected":false},"excerpt":{"rendered":"","protected":false},"author":5,"featured_media":0,"parent":0,"menu_order":0,"comment_status":"closed","ping_status":"closed","template":"page-blank.php","meta":[],"_links":{"self":[{"href":"https:\/\/tuulikuautoaed.ee\/ru\/wp-json\/wp\/v2\/pages\/66"}],"collection":[{"href":"https:\/\/tuulikuautoaed.ee\/ru\/wp-json\/wp\/v2\/pages"}],"about":[{"href":"https:\/\/tuulikuautoaed.ee\/ru\/wp-json\/wp\/v2\/types\/page"}],"author":[{"embeddable":true,"href":"https:\/\/tuulikuautoaed.ee\/ru\/wp-json\/wp\/v2\/users\/5"}],"replies":[{"embeddable":true,"href":"https:\/\/tuulikuautoaed.ee\/ru\/wp-json\/wp\/v2\/comments?post=66"}],"version-history":[{"count":0,"href":"https:\/\/tuulikuautoaed.ee\/ru\/wp-json\/wp\/v2\/pages\/66\/revisions"}],"wp:attachment":[{"href":"https:\/\/tuulikuautoaed.ee\/ru\/wp-json\/wp\/v2\/media?parent=66"}],"curies":[{"name":"wp","href":"https:\/\/api.w.org\/{rel}","templated":true}]}}